{"id":45539,"date":"2024-09-26T15:17:48","date_gmt":"2024-09-26T13:17:48","guid":{"rendered":"https:\/\/www.bakenews.it\/disconoscimento\/"},"modified":"2024-09-26T15:17:48","modified_gmt":"2024-09-26T13:17:48","slug":"disconoscimento","status":"publish","type":"page","link":"https:\/\/newsvirali.it\/fr\/clause-de-non-responsabilite-2\/","title":{"rendered":"Clause de non-responsabilit\u00e9"},"content":{"rendered":"<!-- Legal document generated by Complianz | GDPR\/CCPA Cookie Consent https:\/\/wordpress.org\/plugins\/complianz-gdpr -->\n<div id=\"cmplz-document\" class=\"cmplz-document disclaimer cmplz-document-all\"><p>Silvano Vetrugno is committed to keeping this website up to date and accurate. Should you nevertheless encounter anything that is incorrect or out of date, we would appreciate it if you could let us know. Please indicate where on the website you read the information. We will then look at this as soon as possible. Please send your response by email to: s&#105;.gno&#064;&#112;&#114;&#105;m&#111;&#112;&#105;an&#111;.it.<\/p><p>Toutes les donn\u00e9es personnelles que vous nous fournissez dans le cadre de votre r\u00e9ponse ou demande d&#039;informations ne seront utilis\u00e9es que conform\u00e9ment \u00e0 notre d\u00e9claration de confidentialit\u00e9.<\/p><p>Tous les droits de propri\u00e9t\u00e9 intellectuelle sur le contenu de ce site Web appartiennent \u00e0 Silvano Vetrugno.<\/p><p>La copie, la diffusion et toute autre utilisation de ces documents ne sont pas autoris\u00e9es sans l&#039;autorisation \u00e9crite de Silvano Vetrugno, sauf et seulement dans la mesure o\u00f9 stipul\u00e9 le contraire dans des r\u00e9glementations imp\u00e9ratives (telles que le droit de citer), sauf indication contraire du contenu sp\u00e9cifique.<\/p><p>Si vous avez des questions ou des probl\u00e8mes concernant l&#039;accessibilit\u00e9 du site Web, n&#039;h\u00e9sitez pas \u00e0 nous contacter.<\/p><\/div>\n<br \/>Suivez-nous \u00e9galement sur Google News : <b><a href=\"https:\/\/news.google.com\/publications\/CAAqBwgKMNqJiwswjMfqAg?hl=it&gl=IT&ceid=IT:it\" target=\"_blank\">Cliquez ici<\/a><\/b>","protected":false},"excerpt":{"rendered":"<p>Suivez-nous \u00e9galement sur Google News : cliquez ici<\/p>","protected":false},"author":2,"featured_media":0,"parent":0,"menu_order":0,"comment_status":"closed","ping_status":"closed","template":"","meta":{"MSN_Categories":"Uncategorized","MSN_Publish_Option":false,"MSN_Is_Local_News":false,"MSN_Is_AIAC_Included":"Empty","MSN_Location":"[]","MSN_Add_Feature_Img_On_Top_Of_Post":false,"MSN_Has_Custom_Author":false,"MSN_Custom_Author":"","MSN_Has_Custom_Canonical_Url":false,"MSN_Custom_Canonical_Url":"","footnotes":""},"class_list":["post-45539","page","type-page","status-publish","hentry"],"acf":[],"yoast_head":"<!-- This site is optimized with the Yoast SEO Premium plugin v26.7 (Yoast SEO v26.7) - https:\/\/yoast.com\/wordpress\/plugins\/seo\/ -->\n<title>Disconoscimento - News virali<\/title>\n<meta name=\"robots\" content=\"index, follow, max-snippet:-1, max-image-preview:large, max-video-preview:-1\" \/>\n<link rel=\"canonical\" href=\"https:\/\/newsvirali.it\/fr\/clause-de-non-responsabilite-2\/\" \/>\n<meta property=\"og:locale\" content=\"fr_FR\" \/>\n<meta property=\"og:type\" content=\"article\" \/>\n<meta property=\"og:title\" content=\"Disconoscimento\" \/>\n<meta property=\"og:description\" content=\"Seguici anche su Google News: clicca qui\" \/>\n<meta property=\"og:url\" content=\"https:\/\/newsvirali.it\/fr\/clause-de-non-responsabilite-2\/\" \/>\n<meta property=\"og:site_name\" content=\"News virali\" \/>\n<meta name=\"twitter:card\" content=\"summary_large_image\" \/>\n<script type=\"application\/ld+json\" class=\"yoast-schema-graph\">{\"@context\":\"https:\/\/schema.org\",\"@graph\":[{\"@type\":\"WebPage\",\"@id\":\"https:\/\/newsvirali.it\/disconoscimento\/\",\"url\":\"https:\/\/newsvirali.it\/disconoscimento\/\",\"name\":\"Disconoscimento - News virali\",\"isPartOf\":{\"@id\":\"https:\/\/newsvirali.it\/fr\/#website\"},\"datePublished\":\"2024-09-26T13:17:48+00:00\",\"breadcrumb\":{\"@id\":\"https:\/\/newsvirali.it\/disconoscimento\/#breadcrumb\"},\"inLanguage\":\"fr-FR\",\"potentialAction\":[{\"@type\":\"ReadAction\",\"target\":[\"https:\/\/newsvirali.it\/disconoscimento\/\"]}]},{\"@type\":\"BreadcrumbList\",\"@id\":\"https:\/\/newsvirali.it\/disconoscimento\/#breadcrumb\",\"itemListElement\":[{\"@type\":\"ListItem\",\"position\":1,\"name\":\"Home\",\"item\":\"https:\/\/newsvirali.it\/fr\/\"},{\"@type\":\"ListItem\",\"position\":2,\"name\":\"Disconoscimento\"}]},{\"@type\":\"WebSite\",\"@id\":\"https:\/\/newsvirali.it\/fr\/#website\",\"url\":\"https:\/\/newsvirali.it\/fr\/\",\"name\":\"Bake News\",\"description\":\"\",\"potentialAction\":[{\"@type\":\"SearchAction\",\"target\":{\"@type\":\"EntryPoint\",\"urlTemplate\":\"https:\/\/newsvirali.it\/fr\/?s={search_term_string}\"},\"query-input\":{\"@type\":\"PropertyValueSpecification\",\"valueRequired\":true,\"valueName\":\"search_term_string\"}}],\"inLanguage\":\"fr-FR\"}]}<\/script>\n<!-- \/ Yoast SEO Premium plugin. -->","yoast_head_json":{"title":"Disconoscimento - News virali","robots":{"index":"index","follow":"follow","max-snippet":"max-snippet:-1","max-image-preview":"max-image-preview:large","max-video-preview":"max-video-preview:-1"},"canonical":"https:\/\/newsvirali.it\/fr\/clause-de-non-responsabilite-2\/","og_locale":"fr_FR","og_type":"article","og_title":"Disconoscimento","og_description":"Seguici anche su Google News: clicca qui","og_url":"https:\/\/newsvirali.it\/fr\/clause-de-non-responsabilite-2\/","og_site_name":"News virali","twitter_card":"summary_large_image","schema":{"@context":"https:\/\/schema.org","@graph":[{"@type":"WebPage","@id":"https:\/\/newsvirali.it\/disconoscimento\/","url":"https:\/\/newsvirali.it\/disconoscimento\/","name":"Disconoscimento - News virali","isPartOf":{"@id":"https:\/\/newsvirali.it\/fr\/#website"},"datePublished":"2024-09-26T13:17:48+00:00","breadcrumb":{"@id":"https:\/\/newsvirali.it\/disconoscimento\/#breadcrumb"},"inLanguage":"fr-FR","potentialAction":[{"@type":"ReadAction","target":["https:\/\/newsvirali.it\/disconoscimento\/"]}]},{"@type":"BreadcrumbList","@id":"https:\/\/newsvirali.it\/disconoscimento\/#breadcrumb","itemListElement":[{"@type":"ListItem","position":1,"name":"Home","item":"https:\/\/newsvirali.it\/fr\/"},{"@type":"ListItem","position":2,"name":"Disconoscimento"}]},{"@type":"WebSite","@id":"https:\/\/newsvirali.it\/fr\/#website","url":"https:\/\/newsvirali.it\/fr\/","name":"Bake News","description":"","potentialAction":[{"@type":"SearchAction","target":{"@type":"EntryPoint","urlTemplate":"https:\/\/newsvirali.it\/fr\/?s={search_term_string}"},"query-input":{"@type":"PropertyValueSpecification","valueRequired":true,"valueName":"search_term_string"}}],"inLanguage":"fr-FR"}]}},"_links":{"self":[{"href":"https:\/\/newsvirali.it\/fr\/wp-json\/wp\/v2\/pages\/45539","targetHints":{"allow":["GET"]}}],"collection":[{"href":"https:\/\/newsvirali.it\/fr\/wp-json\/wp\/v2\/pages"}],"about":[{"href":"https:\/\/newsvirali.it\/fr\/wp-json\/wp\/v2\/types\/page"}],"author":[{"embeddable":true,"href":"https:\/\/newsvirali.it\/fr\/wp-json\/wp\/v2\/users\/2"}],"replies":[{"embeddable":true,"href":"https:\/\/newsvirali.it\/fr\/wp-json\/wp\/v2\/comments?post=45539"}],"version-history":[{"count":0,"href":"https:\/\/newsvirali.it\/fr\/wp-json\/wp\/v2\/pages\/45539\/revisions"}],"wp:attachment":[{"href":"https:\/\/newsvirali.it\/fr\/wp-json\/wp\/v2\/media?parent=45539"}],"curies":[{"name":"wp","href":"https:\/\/api.w.org\/{rel}","templated":true}]}}